{"id":128,"date":"2019-03-28T14:29:23","date_gmt":"2019-03-28T13:29:23","guid":{"rendered":"http:\/\/maisoncarballo.fr\/?page_id=128"},"modified":"2019-12-12T09:50:59","modified_gmt":"2019-12-12T08:50:59","slug":"partenaires","status":"publish","type":"page","link":"https:\/\/maisoncarballo.fr\/index.php\/partenaires\/","title":{"rendered":"PARTENAIRES"},"content":{"rendered":"\n<p style=\"font-size:25px\"><strong>LA RECHERCHE DES MEILLEURES PRODUITS ET PRESTATIONS EST UN TRAVAIL D\u2019\u00c9QUIPE<\/strong><\/p>\n\n\n\n<p>La Maison Carballo travaille avec de nombreux partenaires, \u00e9leveurs,  <br>producteurs , n\u00e9gociants, transformateurs, artisans, commer\u00e7ants et sites.<\/p>\n\n\n\n<p>N&rsquo;h\u00e9sitez pas \u00e0 vous renseigner aupr\u00e8s de nous pour plus d&rsquo;information.<\/p>\n\n\n\n<p><\/p>\n","protected":false},"excerpt":{"rendered":"<p>LA RECHERCHE DES MEILLEURES PRODUITS ET PRESTATIONS EST UN TRAVAIL D\u2019\u00c9QUIPE La Maison Carballo travaille avec de nombreux partenaires, \u00e9leveurs, producteurs , n\u00e9gociants, transformateurs, artisans, commer\u00e7ants et sites. N&rsquo;h\u00e9sitez pas \u00e0 vous renseigner aupr\u00e8s de nous pour plus d&rsquo;information.<\/p>\n","protected":false},"author":1,"featured_media":0,"parent":0,"menu_order":0,"comment_status":"closed","ping_status":"closed","template":"template\/template-page-full-width.php","meta":[],"yoast_head":"<!-- This site is optimized with the Yoast SEO plugin v19.12 - https:\/\/yoast.com\/wordpress\/plugins\/seo\/ -->\n<title>PARTENAIRES - Maison Carballo<\/title>\n<meta name=\"robots\" content=\"index, follow, max-snippet:-1, max-image-preview:large, max-video-preview:-1\" \/>\n<link rel=\"canonical\" href=\"https:\/\/maisoncarballo.fr\/index.php\/partenaires\/\" \/>\n<meta property=\"og:locale\" content=\"fr_FR\" \/>\n<meta property=\"og:type\" content=\"article\" \/>\n<meta property=\"og:title\" content=\"PARTENAIRES - Maison Carballo\" \/>\n<meta property=\"og:description\" content=\"LA RECHERCHE DES MEILLEURES PRODUITS ET PRESTATIONS EST UN TRAVAIL D\u2019\u00c9QUIPE La Maison Carballo travaille avec de nombreux partenaires, \u00e9leveurs, producteurs , n\u00e9gociants, transformateurs, artisans, commer\u00e7ants et sites. N&rsquo;h\u00e9sitez pas \u00e0 vous renseigner aupr\u00e8s de nous pour plus d&rsquo;information.\" \/>\n<meta property=\"og:url\" content=\"https:\/\/maisoncarballo.fr\/index.php\/partenaires\/\" \/>\n<meta property=\"og:site_name\" content=\"Maison Carballo\" \/>\n<meta property=\"article:modified_time\" content=\"2019-12-12T08:50:59+00:00\" \/>\n<meta name=\"twitter:card\" content=\"summary_large_image\" \/>\n<script type=\"application\/ld+json\" class=\"yoast-schema-graph\">{\"@context\":\"https:\/\/schema.org\",\"@graph\":[{\"@type\":\"WebPage\",\"@id\":\"https:\/\/maisoncarballo.fr\/index.php\/partenaires\/\",\"url\":\"https:\/\/maisoncarballo.fr\/index.php\/partenaires\/\",\"name\":\"PARTENAIRES - Maison Carballo\",\"isPartOf\":{\"@id\":\"https:\/\/maisoncarballo.fr\/#website\"},\"datePublished\":\"2019-03-28T13:29:23+00:00\",\"dateModified\":\"2019-12-12T08:50:59+00:00\",\"breadcrumb\":{\"@id\":\"https:\/\/maisoncarballo.fr\/index.php\/partenaires\/#breadcrumb\"},\"inLanguage\":\"fr-FR\",\"potentialAction\":[{\"@type\":\"ReadAction\",\"target\":[\"https:\/\/maisoncarballo.fr\/index.php\/partenaires\/\"]}]},{\"@type\":\"BreadcrumbList\",\"@id\":\"https:\/\/maisoncarballo.fr\/index.php\/partenaires\/#breadcrumb\",\"itemListElement\":[{\"@type\":\"ListItem\",\"position\":1,\"name\":\"Accueil\",\"item\":\"https:\/\/maisoncarballo.fr\/\"},{\"@type\":\"ListItem\",\"position\":2,\"name\":\"PARTENAIRES\"}]},{\"@type\":\"WebSite\",\"@id\":\"https:\/\/maisoncarballo.fr\/#website\",\"url\":\"https:\/\/maisoncarballo.fr\/\",\"name\":\"Maison Carballo\",\"description\":\"Traiteur-Charcutier-Boucher\",\"publisher\":{\"@id\":\"https:\/\/maisoncarballo.fr\/#organization\"},\"potentialAction\":[{\"@type\":\"SearchAction\",\"target\":{\"@type\":\"EntryPoint\",\"urlTemplate\":\"https:\/\/maisoncarballo.fr\/?s={search_term_string}\"},\"query-input\":\"required name=search_term_string\"}],\"inLanguage\":\"fr-FR\"},{\"@type\":\"Organization\",\"@id\":\"https:\/\/maisoncarballo.fr\/#organization\",\"name\":\"Maison Carballo\",\"url\":\"https:\/\/maisoncarballo.fr\/\",\"logo\":{\"@type\":\"ImageObject\",\"inLanguage\":\"fr-FR\",\"@id\":\"https:\/\/maisoncarballo.fr\/#\/schema\/logo\/image\/\",\"url\":\"https:\/\/maisoncarballo.fr\/wp-content\/uploads\/2019\/03\/cropped-Logo-seul-V2-1.png\",\"contentUrl\":\"https:\/\/maisoncarballo.fr\/wp-content\/uploads\/2019\/03\/cropped-Logo-seul-V2-1.png\",\"width\":210,\"height\":124,\"caption\":\"Maison Carballo\"},\"image\":{\"@id\":\"https:\/\/maisoncarballo.fr\/#\/schema\/logo\/image\/\"}}]}<\/script>\n<!-- \/ Yoast SEO plugin. -->","yoast_head_json":{"title":"PARTENAIRES - Maison Carballo","robots":{"index":"index","follow":"follow","max-snippet":"max-snippet:-1","max-image-preview":"max-image-preview:large","max-video-preview":"max-video-preview:-1"},"canonical":"https:\/\/maisoncarballo.fr\/index.php\/partenaires\/","og_locale":"fr_FR","og_type":"article","og_title":"PARTENAIRES - Maison Carballo","og_description":"LA RECHERCHE DES MEILLEURES PRODUITS ET PRESTATIONS EST UN TRAVAIL D\u2019\u00c9QUIPE La Maison Carballo travaille avec de nombreux partenaires, \u00e9leveurs, producteurs , n\u00e9gociants, transformateurs, artisans, commer\u00e7ants et sites. N&rsquo;h\u00e9sitez pas \u00e0 vous renseigner aupr\u00e8s de nous pour plus d&rsquo;information.","og_url":"https:\/\/maisoncarballo.fr\/index.php\/partenaires\/","og_site_name":"Maison Carballo","article_modified_time":"2019-12-12T08:50:59+00:00","twitter_card":"summary_large_image","schema":{"@context":"https:\/\/schema.org","@graph":[{"@type":"WebPage","@id":"https:\/\/maisoncarballo.fr\/index.php\/partenaires\/","url":"https:\/\/maisoncarballo.fr\/index.php\/partenaires\/","name":"PARTENAIRES - Maison Carballo","isPartOf":{"@id":"https:\/\/maisoncarballo.fr\/#website"},"datePublished":"2019-03-28T13:29:23+00:00","dateModified":"2019-12-12T08:50:59+00:00","breadcrumb":{"@id":"https:\/\/maisoncarballo.fr\/index.php\/partenaires\/#breadcrumb"},"inLanguage":"fr-FR","potentialAction":[{"@type":"ReadAction","target":["https:\/\/maisoncarballo.fr\/index.php\/partenaires\/"]}]},{"@type":"BreadcrumbList","@id":"https:\/\/maisoncarballo.fr\/index.php\/partenaires\/#breadcrumb","itemListElement":[{"@type":"ListItem","position":1,"name":"Accueil","item":"https:\/\/maisoncarballo.fr\/"},{"@type":"ListItem","position":2,"name":"PARTENAIRES"}]},{"@type":"WebSite","@id":"https:\/\/maisoncarballo.fr\/#website","url":"https:\/\/maisoncarballo.fr\/","name":"Maison Carballo","description":"Traiteur-Charcutier-Boucher","publisher":{"@id":"https:\/\/maisoncarballo.fr\/#organization"},"potentialAction":[{"@type":"SearchAction","target":{"@type":"EntryPoint","urlTemplate":"https:\/\/maisoncarballo.fr\/?s={search_term_string}"},"query-input":"required name=search_term_string"}],"inLanguage":"fr-FR"},{"@type":"Organization","@id":"https:\/\/maisoncarballo.fr\/#organization","name":"Maison Carballo","url":"https:\/\/maisoncarballo.fr\/","logo":{"@type":"ImageObject","inLanguage":"fr-FR","@id":"https:\/\/maisoncarballo.fr\/#\/schema\/logo\/image\/","url":"https:\/\/maisoncarballo.fr\/wp-content\/uploads\/2019\/03\/cropped-Logo-seul-V2-1.png","contentUrl":"https:\/\/maisoncarballo.fr\/wp-content\/uploads\/2019\/03\/cropped-Logo-seul-V2-1.png","width":210,"height":124,"caption":"Maison Carballo"},"image":{"@id":"https:\/\/maisoncarballo.fr\/#\/schema\/logo\/image\/"}}]}},"_links":{"self":[{"href":"https:\/\/maisoncarballo.fr\/index.php\/wp-json\/wp\/v2\/pages\/128"}],"collection":[{"href":"https:\/\/maisoncarballo.fr\/index.php\/wp-json\/wp\/v2\/pages"}],"about":[{"href":"https:\/\/maisoncarballo.fr\/index.php\/wp-json\/wp\/v2\/types\/page"}],"author":[{"embeddable":true,"href":"https:\/\/maisoncarballo.fr\/index.php\/wp-json\/wp\/v2\/users\/1"}],"replies":[{"embeddable":true,"href":"https:\/\/maisoncarballo.fr\/index.php\/wp-json\/wp\/v2\/comments?post=128"}],"version-history":[{"count":3,"href":"https:\/\/maisoncarballo.fr\/index.php\/wp-json\/wp\/v2\/pages\/128\/revisions"}],"predecessor-version":[{"id":540,"href":"https:\/\/maisoncarballo.fr\/index.php\/wp-json\/wp\/v2\/pages\/128\/revisions\/540"}],"wp:attachment":[{"href":"https:\/\/maisoncarballo.fr\/index.php\/wp-json\/wp\/v2\/media?parent=128"}],"curies":[{"name":"wp","href":"https:\/\/api.w.org\/{rel}","templated":true}]}}