{"id":123,"date":"2019-03-28T14:27:41","date_gmt":"2019-03-28T13:27:41","guid":{"rendered":"http:\/\/maisoncarballo.fr\/?page_id=123"},"modified":"2020-05-29T18:46:00","modified_gmt":"2020-05-29T16:46:00","slug":"boucher","status":"publish","type":"page","link":"https:\/\/maisoncarballo.fr\/index.php\/boucher\/","title":{"rendered":"BOUCHER"},"content":{"rendered":"\n<p style=\"font-size:25px\"><strong>ARTISAN BOUCHER, LE CHOIX DE LA QUALIT\u00c9<\/strong><\/p>\n\n\n\n<p>La Maison Carballo en Royans Dr\u00f4me, s&rsquo;approvisionne en viandes qui proviennent d&rsquo;\u00e9levages install\u00e9s dans la r\u00e9gion.  <br><\/p>\n\n\n\n<p>Les agneaux, veaux, b\u0153ufs, volailles&#8230; sont \u00e9lev\u00e9s en plein air, dans les p\u00e2turages du Royans, du Vercors ou de l&rsquo;Is\u00e8re.  <\/p>\n\n\n\n<p>Une parfaite tra\u00e7abilit\u00e9 des b\u00eates s\u00e9lectionn\u00e9es vous est ainsi garantie. <\/p>\n\n\n\n<p><br><\/p>\n\n\n\n<div class=\"wp-block-image\"><figure class=\"aligncenter\"><img decoding=\"async\" loading=\"lazy\" width=\"1000\" height=\"453\" src=\"http:\/\/maisoncarballo.fr\/wp-content\/uploads\/2019\/04\/Elevage-Chatelus-1.jpg\" alt=\"Elevage bovin \u00e0 Ch\u00e2telus (Is\u00e8re)\" class=\"wp-image-188\" srcset=\"https:\/\/maisoncarballo.fr\/wp-content\/uploads\/2019\/04\/Elevage-Chatelus-1.jpg 1000w, https:\/\/maisoncarballo.fr\/wp-content\/uploads\/2019\/04\/Elevage-Chatelus-1-300x136.jpg 300w, https:\/\/maisoncarballo.fr\/wp-content\/uploads\/2019\/04\/Elevage-Chatelus-1-768x348.jpg 768w\" sizes=\"(max-width: 1000px) 100vw, 1000px\" \/><figcaption>Elevage bovin \u00e0 Ch\u00e2telus (Is\u00e8re)<\/figcaption><\/figure><\/div>\n\n\n\n<p><br><\/p>\n\n\n\n<p>Vous retrouverez dans votre assiettes le go\u00fbt unique d&rsquo;une viande saine et naturelle provenant des troupeaux locaux<\/p>\n\n\n\n<p>Lors de vos achats, vous connaissez le nom de l&rsquo;\u00e9leveur et l&rsquo;origine de la viande, une preuve d&rsquo;authenticit\u00e9, un gage de s\u00e9curit\u00e9 et de qualit\u00e9 !<\/p>\n\n\n\n<p><br><\/p>\n\n\n\n<div class=\"wp-block-image\"><figure class=\"aligncenter\"><img decoding=\"async\" loading=\"lazy\" width=\"300\" height=\"200\" src=\"http:\/\/maisoncarballo.fr\/wp-content\/uploads\/2019\/04\/Boucherie.jpg\" alt=\"\" class=\"wp-image-334\"\/><figcaption>C\u00f4te de b\u0153uf matur\u00e9e<\/figcaption><\/figure><\/div>\n\n\n\n<blockquote class=\"wp-block-quote\"><p>Si vous souhaitez d\u00e9couvrir de nouvelles saveurs, nous vous proposons \u00e9galement d&rsquo;autres viandes d&rsquo;exception, telles que le Black Angus, le b\u0153uf de Kob\u00e9 ou les viandes matur\u00e9es par nos soins ! <\/p><p><\/p><p>Venez nous voir en boutique pour d\u00e9couvrir nos arrivages ou prendre commande.<\/p><\/blockquote>\n\n\n<p><\/p>\n<p><!--StartFragment--><\/p>\n\n\n<p style=\"font-size:22px\"><strong>NOS COLIS, la viande comme vous l&rsquo;aimez ! <\/strong><\/p>\n\n\n\n<p><\/p>\n\n\n\n<p><\/p>\n\n\n\n<div class=\"wp-block-image\"><figure class=\"aligncenter\"><img decoding=\"async\" src=\"http:\/\/maisoncarballo.fr\/wp-content\/uploads\/2019\/04\/ColisV1.jpg\" alt=\"\"\/><\/figure><\/div>\n\n\n\n<p class=\"has-text-align-center\"><strong>COLIS de volaille fermi\u00e8re Label rouge <\/strong><br><strong>{65\u20ac00 le colis}<\/strong> <\/p>\n\n\n\n<ul><li><strong>1 kg de cuisse de poulet <\/strong><\/li><li><strong>1 kg de blanc de poulet <\/strong><\/li><li><strong>1 kg de saut\u00e9 de dinde <\/strong><\/li><li><strong>4 paupiettes de volaille <\/strong><\/li><li><strong>1 coquelet farci <\/strong><\/li><li><strong>1 poulet pour 4 \u00e0 6 personnes<\/strong><\/li><\/ul>\n\n\n\n<p><\/p>\n\n\n\n<p class=\"has-text-align-center\"><strong>COLIS 7 kg \u00e0 10\u20ac90\/kg<\/strong> <br><strong>{Environ 76\u20ac00 le colis}<\/strong><br><\/p>\n\n\n\n<ul><li><strong>1 kg &nbsp;de c\u00f4tes de porc<\/strong> <strong>  <\/strong><\/li><li><strong>1 kg de brais\u00e9<\/strong><\/li><li><strong>1 kg &nbsp;de cuisse de poulet<\/strong><\/li><li><strong>1 kg d&rsquo;escalope de dinde<\/strong><\/li><li><strong>1 kg &nbsp;d&rsquo;escalope de porc<\/strong><\/li><li><strong>1 kg de beef hach\u00e9<\/strong><\/li><li><strong>1 kg de viande hach\u00e9 pur b\u0153uf<\/strong><\/li><\/ul>\n\n\n\n<p><\/p>\n\n\n\n<p class=\"has-text-align-center\"><strong>COLIS 7 kg \u00e0 12\u20ac\/kg  <\/strong> <br><strong>{Environ 84\u20ac le colis}<\/strong> <\/p>\n\n\n\n<ul><li><strong>1 kg r\u00f4ti de dinde<\/strong><\/li><li><strong>1 kg b\u0153uf \u00e0 brais\u00e9<\/strong><\/li><li><strong>1 kg &nbsp;jarret de b\u0153uf, 1 os \u00e0 moelle<\/strong><\/li><li><strong>1 kg  de blanquette de veau<\/strong><\/li><li><strong>1 kg &nbsp;bourguignon<\/strong><\/li><li><strong>1 kg collier d&rsquo;agneau<\/strong><\/li><li><strong>1 kg saucisse \u00e0 r\u00f4tir \u00ab\u00a0maison\u00a0\u00bb<\/strong><\/li><\/ul>\n\n\n\n<p><\/p>\n\n\n\n<p class=\"has-text-align-center\"><strong>COLIS 7 kg \u00e0 12\u20ac90 le kg<\/strong> <br><strong> {Environ 90\u20ac &nbsp;le colis}<\/strong> <\/p>\n\n\n\n<ul><li><strong>1 kg &nbsp;de c\u00f4tes de porc<\/strong><\/li><li><strong>1 kg de grillade<\/strong><\/li><li><strong>1 kg de godiveau<\/strong><\/li><li><strong>1 kg de merguez<\/strong><\/li><li><strong>1 kg de godiveau aux herbes<\/strong><\/li><li><strong>1 kg de brochette de volaille<\/strong><\/li><li><strong>1 kg de basse c\u00f4te <\/strong><\/li><\/ul>\n\n\n\n<p><\/p>\n\n\n\n<p class=\"has-text-align-center\"><strong>COLIS 7 kg \u00e0 12\u20ac90 le kg<\/strong> <br><strong>{Environ 90\u20ac le colis}<\/strong> <\/p>\n\n\n\n<ul><li><strong>1 kg \u00a0de travers de porc<\/strong><\/li><li><strong>1 kg 500 de godiveau<\/strong><\/li><li><strong>1 kg 500 de merguez<\/strong><\/li><li><strong>1 kg de travers de b\u0153uf marin\u00e9<\/strong><\/li><li><strong>2 kg de cuisses de poulet <\/strong><\/li><\/ul>\n\n\n\n<p><br><\/p>\n\n\n\n<p class=\"has-text-align-center\"><strong>COLIS 7 kg \u00e0 14 \u20ac 90\/ kg<\/strong> <br><strong> {Environ 104\u20ac le colis}<\/strong> <\/p>\n\n\n\n<ul><li><strong>1 kg &nbsp;r\u00f4ti de porc<\/strong><\/li><li><strong>1 kg &nbsp;r\u00f4ti de veau<\/strong><\/li><li><strong>1 kg&nbsp; r\u00f4ti d&rsquo;agneau<\/strong><\/li><li><strong>1 kg &nbsp;rosbeef<\/strong><\/li><li><strong>1 kg r\u00f4ti de b\u0153uf \u00e0 brais\u00e9<\/strong><\/li><li><strong>1 kg jarret de b\u0153uf, 1 os \u00e0 moelle<\/strong><\/li><li><strong>1 kg r\u00f4ti de dinde<\/strong><\/li><\/ul>\n\n\n\n<p><\/p>\n\n\n\n<p><br><br><\/p>\n\n\n\n<div class=\"wp-block-image\"><figure class=\"aligncenter\"><img decoding=\"async\" loading=\"lazy\" width=\"300\" height=\"200\" src=\"http:\/\/maisoncarballo.fr\/wp-content\/uploads\/2019\/04\/Boucherie2.jpg\" alt=\"\" class=\"wp-image-338\"\/><figcaption>Faux-filet de b\u0153uf<\/figcaption><\/figure><\/div>\n","protected":false},"excerpt":{"rendered":"<p>ARTISAN BOUCHER, LE CHOIX DE LA QUALIT\u00c9 La Maison Carballo en Royans Dr\u00f4me, s&rsquo;approvisionne en viandes qui proviennent d&rsquo;\u00e9levages install\u00e9s dans la r\u00e9gion. Les agneaux, veaux, b\u0153ufs, volailles&#8230; sont \u00e9lev\u00e9s en plein air, dans les p\u00e2turages du Royans, du Vercors ou de l&rsquo;Is\u00e8re. Une parfaite tra\u00e7abilit\u00e9 des b\u00eates s\u00e9lectionn\u00e9es vous est ainsi garantie. Vous retrouverez<\/p><\/div>\n<div class=\"blog-btn\"><a href=\"https:\/\/maisoncarballo.fr\/index.php\/boucher\/\" class=\"home-blog-btn\">Lire la suite<\/a><\/p>\n","protected":false},"author":1,"featured_media":0,"parent":0,"menu_order":0,"comment_status":"closed","ping_status":"closed","template":"template\/template-page-full-width.php","meta":[],"yoast_head":"<!-- This site is optimized with the Yoast SEO plugin v19.12 - https:\/\/yoast.com\/wordpress\/plugins\/seo\/ -->\n<title>BOUCHER - Maison Carballo<\/title>\n<meta name=\"robots\" content=\"index, follow, max-snippet:-1, max-image-preview:large, max-video-preview:-1\" \/>\n<link rel=\"canonical\" href=\"https:\/\/maisoncarballo.fr\/index.php\/boucher\/\" \/>\n<meta property=\"og:locale\" content=\"fr_FR\" \/>\n<meta property=\"og:type\" content=\"article\" \/>\n<meta property=\"og:title\" content=\"BOUCHER - Maison Carballo\" \/>\n<meta property=\"og:description\" content=\"ARTISAN BOUCHER, LE CHOIX DE LA QUALIT\u00c9 La Maison Carballo en Royans Dr\u00f4me, s&rsquo;approvisionne en viandes qui proviennent d&rsquo;\u00e9levages install\u00e9s dans la r\u00e9gion. Les agneaux, veaux, b\u0153ufs, volailles&#8230; sont \u00e9lev\u00e9s en plein air, dans les p\u00e2turages du Royans, du Vercors ou de l&rsquo;Is\u00e8re. Une parfaite tra\u00e7abilit\u00e9 des b\u00eates s\u00e9lectionn\u00e9es vous est ainsi garantie. Vous retrouverezLire la suite\" \/>\n<meta property=\"og:url\" content=\"https:\/\/maisoncarballo.fr\/index.php\/boucher\/\" \/>\n<meta property=\"og:site_name\" content=\"Maison Carballo\" \/>\n<meta property=\"article:modified_time\" content=\"2020-05-29T16:46:00+00:00\" \/>\n<meta property=\"og:image\" content=\"http:\/\/maisoncarballo.fr\/wp-content\/uploads\/2019\/04\/Elevage-Chatelus-1.jpg\" \/>\n<meta name=\"twitter:card\" content=\"summary_large_image\" \/>\n<meta name=\"twitter:label1\" content=\"Dur\u00e9e de lecture estim\u00e9e\" \/>\n\t<meta name=\"twitter:data1\" content=\"2 minutes\" \/>\n<script type=\"application\/ld+json\" class=\"yoast-schema-graph\">{\"@context\":\"https:\/\/schema.org\",\"@graph\":[{\"@type\":\"WebPage\",\"@id\":\"https:\/\/maisoncarballo.fr\/index.php\/boucher\/\",\"url\":\"https:\/\/maisoncarballo.fr\/index.php\/boucher\/\",\"name\":\"BOUCHER - Maison Carballo\",\"isPartOf\":{\"@id\":\"https:\/\/maisoncarballo.fr\/#website\"},\"datePublished\":\"2019-03-28T13:27:41+00:00\",\"dateModified\":\"2020-05-29T16:46:00+00:00\",\"breadcrumb\":{\"@id\":\"https:\/\/maisoncarballo.fr\/index.php\/boucher\/#breadcrumb\"},\"inLanguage\":\"fr-FR\",\"potentialAction\":[{\"@type\":\"ReadAction\",\"target\":[\"https:\/\/maisoncarballo.fr\/index.php\/boucher\/\"]}]},{\"@type\":\"BreadcrumbList\",\"@id\":\"https:\/\/maisoncarballo.fr\/index.php\/boucher\/#breadcrumb\",\"itemListElement\":[{\"@type\":\"ListItem\",\"position\":1,\"name\":\"Accueil\",\"item\":\"https:\/\/maisoncarballo.fr\/\"},{\"@type\":\"ListItem\",\"position\":2,\"name\":\"BOUCHER\"}]},{\"@type\":\"WebSite\",\"@id\":\"https:\/\/maisoncarballo.fr\/#website\",\"url\":\"https:\/\/maisoncarballo.fr\/\",\"name\":\"Maison Carballo\",\"description\":\"Traiteur-Charcutier-Boucher\",\"publisher\":{\"@id\":\"https:\/\/maisoncarballo.fr\/#organization\"},\"potentialAction\":[{\"@type\":\"SearchAction\",\"target\":{\"@type\":\"EntryPoint\",\"urlTemplate\":\"https:\/\/maisoncarballo.fr\/?s={search_term_string}\"},\"query-input\":\"required name=search_term_string\"}],\"inLanguage\":\"fr-FR\"},{\"@type\":\"Organization\",\"@id\":\"https:\/\/maisoncarballo.fr\/#organization\",\"name\":\"Maison Carballo\",\"url\":\"https:\/\/maisoncarballo.fr\/\",\"logo\":{\"@type\":\"ImageObject\",\"inLanguage\":\"fr-FR\",\"@id\":\"https:\/\/maisoncarballo.fr\/#\/schema\/logo\/image\/\",\"url\":\"https:\/\/maisoncarballo.fr\/wp-content\/uploads\/2019\/03\/cropped-Logo-seul-V2-1.png\",\"contentUrl\":\"https:\/\/maisoncarballo.fr\/wp-content\/uploads\/2019\/03\/cropped-Logo-seul-V2-1.png\",\"width\":210,\"height\":124,\"caption\":\"Maison Carballo\"},\"image\":{\"@id\":\"https:\/\/maisoncarballo.fr\/#\/schema\/logo\/image\/\"}}]}<\/script>\n<!-- \/ Yoast SEO plugin. -->","yoast_head_json":{"title":"BOUCHER - Maison Carballo","robots":{"index":"index","follow":"follow","max-snippet":"max-snippet:-1","max-image-preview":"max-image-preview:large","max-video-preview":"max-video-preview:-1"},"canonical":"https:\/\/maisoncarballo.fr\/index.php\/boucher\/","og_locale":"fr_FR","og_type":"article","og_title":"BOUCHER - Maison Carballo","og_description":"ARTISAN BOUCHER, LE CHOIX DE LA QUALIT\u00c9 La Maison Carballo en Royans Dr\u00f4me, s&rsquo;approvisionne en viandes qui proviennent d&rsquo;\u00e9levages install\u00e9s dans la r\u00e9gion. Les agneaux, veaux, b\u0153ufs, volailles&#8230; sont \u00e9lev\u00e9s en plein air, dans les p\u00e2turages du Royans, du Vercors ou de l&rsquo;Is\u00e8re. Une parfaite tra\u00e7abilit\u00e9 des b\u00eates s\u00e9lectionn\u00e9es vous est ainsi garantie. Vous retrouverezLire la suite","og_url":"https:\/\/maisoncarballo.fr\/index.php\/boucher\/","og_site_name":"Maison Carballo","article_modified_time":"2020-05-29T16:46:00+00:00","og_image":[{"url":"http:\/\/maisoncarballo.fr\/wp-content\/uploads\/2019\/04\/Elevage-Chatelus-1.jpg"}],"twitter_card":"summary_large_image","twitter_misc":{"Dur\u00e9e de lecture estim\u00e9e":"2 minutes"},"schema":{"@context":"https:\/\/schema.org","@graph":[{"@type":"WebPage","@id":"https:\/\/maisoncarballo.fr\/index.php\/boucher\/","url":"https:\/\/maisoncarballo.fr\/index.php\/boucher\/","name":"BOUCHER - Maison Carballo","isPartOf":{"@id":"https:\/\/maisoncarballo.fr\/#website"},"datePublished":"2019-03-28T13:27:41+00:00","dateModified":"2020-05-29T16:46:00+00:00","breadcrumb":{"@id":"https:\/\/maisoncarballo.fr\/index.php\/boucher\/#breadcrumb"},"inLanguage":"fr-FR","potentialAction":[{"@type":"ReadAction","target":["https:\/\/maisoncarballo.fr\/index.php\/boucher\/"]}]},{"@type":"BreadcrumbList","@id":"https:\/\/maisoncarballo.fr\/index.php\/boucher\/#breadcrumb","itemListElement":[{"@type":"ListItem","position":1,"name":"Accueil","item":"https:\/\/maisoncarballo.fr\/"},{"@type":"ListItem","position":2,"name":"BOUCHER"}]},{"@type":"WebSite","@id":"https:\/\/maisoncarballo.fr\/#website","url":"https:\/\/maisoncarballo.fr\/","name":"Maison Carballo","description":"Traiteur-Charcutier-Boucher","publisher":{"@id":"https:\/\/maisoncarballo.fr\/#organization"},"potentialAction":[{"@type":"SearchAction","target":{"@type":"EntryPoint","urlTemplate":"https:\/\/maisoncarballo.fr\/?s={search_term_string}"},"query-input":"required name=search_term_string"}],"inLanguage":"fr-FR"},{"@type":"Organization","@id":"https:\/\/maisoncarballo.fr\/#organization","name":"Maison Carballo","url":"https:\/\/maisoncarballo.fr\/","logo":{"@type":"ImageObject","inLanguage":"fr-FR","@id":"https:\/\/maisoncarballo.fr\/#\/schema\/logo\/image\/","url":"https:\/\/maisoncarballo.fr\/wp-content\/uploads\/2019\/03\/cropped-Logo-seul-V2-1.png","contentUrl":"https:\/\/maisoncarballo.fr\/wp-content\/uploads\/2019\/03\/cropped-Logo-seul-V2-1.png","width":210,"height":124,"caption":"Maison Carballo"},"image":{"@id":"https:\/\/maisoncarballo.fr\/#\/schema\/logo\/image\/"}}]}},"_links":{"self":[{"href":"https:\/\/maisoncarballo.fr\/index.php\/wp-json\/wp\/v2\/pages\/123"}],"collection":[{"href":"https:\/\/maisoncarballo.fr\/index.php\/wp-json\/wp\/v2\/pages"}],"about":[{"href":"https:\/\/maisoncarballo.fr\/index.php\/wp-json\/wp\/v2\/types\/page"}],"author":[{"embeddable":true,"href":"https:\/\/maisoncarballo.fr\/index.php\/wp-json\/wp\/v2\/users\/1"}],"replies":[{"embeddable":true,"href":"https:\/\/maisoncarballo.fr\/index.php\/wp-json\/wp\/v2\/comments?post=123"}],"version-history":[{"count":2,"href":"https:\/\/maisoncarballo.fr\/index.php\/wp-json\/wp\/v2\/pages\/123\/revisions"}],"predecessor-version":[{"id":542,"href":"https:\/\/maisoncarballo.fr\/index.php\/wp-json\/wp\/v2\/pages\/123\/revisions\/542"}],"wp:attachment":[{"href":"https:\/\/maisoncarballo.fr\/index.php\/wp-json\/wp\/v2\/media?parent=123"}],"curies":[{"name":"wp","href":"https:\/\/api.w.org\/{rel}","templated":true}]}}