{"id":119,"date":"2019-03-28T14:16:49","date_gmt":"2019-03-28T13:16:49","guid":{"rendered":"http:\/\/maisoncarballo.fr\/?page_id=119"},"modified":"2019-05-03T11:18:34","modified_gmt":"2019-05-03T09:18:34","slug":"charcutier","status":"publish","type":"page","link":"https:\/\/maisoncarballo.fr\/index.php\/charcutier\/","title":{"rendered":"CHARCUTIER"},"content":{"rendered":"\n<p style=\"font-size:25px\"><strong>DES CHARCUTERIES S\u00c9LECTIONN\u00c9ES ET AFFIN\u00c9ES<\/strong><\/p>\n\n\n\n<p><\/p>\n\n\n\n<div class=\"wp-block-image\"><figure class=\"aligncenter\"><img decoding=\"async\" loading=\"lazy\" width=\"300\" height=\"300\" src=\"http:\/\/maisoncarballo.fr\/wp-content\/uploads\/2019\/04\/Charcutier2-1.jpg\" alt=\"\" class=\"wp-image-223\" srcset=\"https:\/\/maisoncarballo.fr\/wp-content\/uploads\/2019\/04\/Charcutier2-1.jpg 300w, https:\/\/maisoncarballo.fr\/wp-content\/uploads\/2019\/04\/Charcutier2-1-150x150.jpg 150w\" sizes=\"(max-width: 300px) 100vw, 300px\" \/><\/figure><\/div>\n\n\n\n<blockquote class=\"wp-block-quote\"><p> Nos charcuteries sont issues de produits de premi\u00e8re qualit\u00e9 et r\u00e9alis\u00e9es dans nos ateliers ! <\/p><p><\/p><\/blockquote>\n\n\n\n<p>La Maison Carballo en Royans Dr\u00f4me vous propose \u00e9galement toute une gamme et assortiments pour accompagner vos raclettes, fondues savoyardes et autres plats festifs et familiaux&#8230;<\/p>\n\n\n\n<p><br><br><\/p>\n\n\n\n<div class=\"wp-block-image\"><figure class=\"aligncenter\"><img decoding=\"async\" loading=\"lazy\" width=\"300\" height=\"400\" src=\"http:\/\/maisoncarballo.fr\/wp-content\/uploads\/2019\/04\/Charcuterie.jpg\" alt=\"\" class=\"wp-image-331\" srcset=\"https:\/\/maisoncarballo.fr\/wp-content\/uploads\/2019\/04\/Charcuterie.jpg 300w, https:\/\/maisoncarballo.fr\/wp-content\/uploads\/2019\/04\/Charcuterie-225x300.jpg 225w\" sizes=\"(max-width: 300px) 100vw, 300px\" \/><figcaption>P\u00e2t\u00e9 en cro\u00fbte \u00e0 l&rsquo;ancienne <\/figcaption><\/figure><\/div>\n\n\n\n<p>Pour vos pic-niques pensez jambons crus, jambons cuits, saucissons, p\u00e2t\u00e9s co\u00fbtes, saucissons cuits de porc et de cerf&#8230;<\/p>\n","protected":false},"excerpt":{"rendered":"<p>DES CHARCUTERIES S\u00c9LECTIONN\u00c9ES ET AFFIN\u00c9ES Nos charcuteries sont issues de produits de premi\u00e8re qualit\u00e9 et r\u00e9alis\u00e9es dans nos ateliers ! La Maison Carballo en Royans Dr\u00f4me vous propose \u00e9galement toute une gamme et assortiments pour accompagner vos raclettes, fondues savoyardes et autres plats festifs et familiaux&#8230; Pour vos pic-niques pensez jambons crus, jambons cuits, saucissons,<\/p><\/div>\n<div class=\"blog-btn\"><a href=\"https:\/\/maisoncarballo.fr\/index.php\/charcutier\/\" class=\"home-blog-btn\">Lire la suite<\/a><\/p>\n","protected":false},"author":1,"featured_media":0,"parent":0,"menu_order":1,"comment_status":"closed","ping_status":"closed","template":"template\/template-page-full-width.php","meta":[],"yoast_head":"<!-- This site is optimized with the Yoast SEO plugin v19.12 - https:\/\/yoast.com\/wordpress\/plugins\/seo\/ -->\n<title>CHARCUTIER - Maison Carballo<\/title>\n<meta name=\"robots\" content=\"index, follow, max-snippet:-1, max-image-preview:large, max-video-preview:-1\" \/>\n<link rel=\"canonical\" href=\"https:\/\/maisoncarballo.fr\/index.php\/charcutier\/\" \/>\n<meta property=\"og:locale\" content=\"fr_FR\" \/>\n<meta property=\"og:type\" content=\"article\" \/>\n<meta property=\"og:title\" content=\"CHARCUTIER - Maison Carballo\" \/>\n<meta property=\"og:description\" content=\"DES CHARCUTERIES S\u00c9LECTIONN\u00c9ES ET AFFIN\u00c9ES Nos charcuteries sont issues de produits de premi\u00e8re qualit\u00e9 et r\u00e9alis\u00e9es dans nos ateliers ! La Maison Carballo en Royans Dr\u00f4me vous propose \u00e9galement toute une gamme et assortiments pour accompagner vos raclettes, fondues savoyardes et autres plats festifs et familiaux&#8230; Pour vos pic-niques pensez jambons crus, jambons cuits, saucissons,Lire la suite\" \/>\n<meta property=\"og:url\" content=\"https:\/\/maisoncarballo.fr\/index.php\/charcutier\/\" \/>\n<meta property=\"og:site_name\" content=\"Maison Carballo\" \/>\n<meta property=\"article:modified_time\" content=\"2019-05-03T09:18:34+00:00\" \/>\n<meta property=\"og:image\" content=\"http:\/\/maisoncarballo.fr\/wp-content\/uploads\/2019\/04\/Charcutier2-1.jpg\" \/>\n<meta name=\"twitter:card\" content=\"summary_large_image\" \/>\n<script type=\"application\/ld+json\" class=\"yoast-schema-graph\">{\"@context\":\"https:\/\/schema.org\",\"@graph\":[{\"@type\":\"WebPage\",\"@id\":\"https:\/\/maisoncarballo.fr\/index.php\/charcutier\/\",\"url\":\"https:\/\/maisoncarballo.fr\/index.php\/charcutier\/\",\"name\":\"CHARCUTIER - Maison Carballo\",\"isPartOf\":{\"@id\":\"https:\/\/maisoncarballo.fr\/#website\"},\"datePublished\":\"2019-03-28T13:16:49+00:00\",\"dateModified\":\"2019-05-03T09:18:34+00:00\",\"breadcrumb\":{\"@id\":\"https:\/\/maisoncarballo.fr\/index.php\/charcutier\/#breadcrumb\"},\"inLanguage\":\"fr-FR\",\"potentialAction\":[{\"@type\":\"ReadAction\",\"target\":[\"https:\/\/maisoncarballo.fr\/index.php\/charcutier\/\"]}]},{\"@type\":\"BreadcrumbList\",\"@id\":\"https:\/\/maisoncarballo.fr\/index.php\/charcutier\/#breadcrumb\",\"itemListElement\":[{\"@type\":\"ListItem\",\"position\":1,\"name\":\"Accueil\",\"item\":\"https:\/\/maisoncarballo.fr\/\"},{\"@type\":\"ListItem\",\"position\":2,\"name\":\"CHARCUTIER\"}]},{\"@type\":\"WebSite\",\"@id\":\"https:\/\/maisoncarballo.fr\/#website\",\"url\":\"https:\/\/maisoncarballo.fr\/\",\"name\":\"Maison Carballo\",\"description\":\"Traiteur-Charcutier-Boucher\",\"publisher\":{\"@id\":\"https:\/\/maisoncarballo.fr\/#organization\"},\"potentialAction\":[{\"@type\":\"SearchAction\",\"target\":{\"@type\":\"EntryPoint\",\"urlTemplate\":\"https:\/\/maisoncarballo.fr\/?s={search_term_string}\"},\"query-input\":\"required name=search_term_string\"}],\"inLanguage\":\"fr-FR\"},{\"@type\":\"Organization\",\"@id\":\"https:\/\/maisoncarballo.fr\/#organization\",\"name\":\"Maison Carballo\",\"url\":\"https:\/\/maisoncarballo.fr\/\",\"logo\":{\"@type\":\"ImageObject\",\"inLanguage\":\"fr-FR\",\"@id\":\"https:\/\/maisoncarballo.fr\/#\/schema\/logo\/image\/\",\"url\":\"https:\/\/maisoncarballo.fr\/wp-content\/uploads\/2019\/03\/cropped-Logo-seul-V2-1.png\",\"contentUrl\":\"https:\/\/maisoncarballo.fr\/wp-content\/uploads\/2019\/03\/cropped-Logo-seul-V2-1.png\",\"width\":210,\"height\":124,\"caption\":\"Maison Carballo\"},\"image\":{\"@id\":\"https:\/\/maisoncarballo.fr\/#\/schema\/logo\/image\/\"}}]}<\/script>\n<!-- \/ Yoast SEO plugin. -->","yoast_head_json":{"title":"CHARCUTIER - Maison Carballo","robots":{"index":"index","follow":"follow","max-snippet":"max-snippet:-1","max-image-preview":"max-image-preview:large","max-video-preview":"max-video-preview:-1"},"canonical":"https:\/\/maisoncarballo.fr\/index.php\/charcutier\/","og_locale":"fr_FR","og_type":"article","og_title":"CHARCUTIER - Maison Carballo","og_description":"DES CHARCUTERIES S\u00c9LECTIONN\u00c9ES ET AFFIN\u00c9ES Nos charcuteries sont issues de produits de premi\u00e8re qualit\u00e9 et r\u00e9alis\u00e9es dans nos ateliers ! La Maison Carballo en Royans Dr\u00f4me vous propose \u00e9galement toute une gamme et assortiments pour accompagner vos raclettes, fondues savoyardes et autres plats festifs et familiaux&#8230; Pour vos pic-niques pensez jambons crus, jambons cuits, saucissons,Lire la suite","og_url":"https:\/\/maisoncarballo.fr\/index.php\/charcutier\/","og_site_name":"Maison Carballo","article_modified_time":"2019-05-03T09:18:34+00:00","og_image":[{"url":"http:\/\/maisoncarballo.fr\/wp-content\/uploads\/2019\/04\/Charcutier2-1.jpg"}],"twitter_card":"summary_large_image","schema":{"@context":"https:\/\/schema.org","@graph":[{"@type":"WebPage","@id":"https:\/\/maisoncarballo.fr\/index.php\/charcutier\/","url":"https:\/\/maisoncarballo.fr\/index.php\/charcutier\/","name":"CHARCUTIER - Maison Carballo","isPartOf":{"@id":"https:\/\/maisoncarballo.fr\/#website"},"datePublished":"2019-03-28T13:16:49+00:00","dateModified":"2019-05-03T09:18:34+00:00","breadcrumb":{"@id":"https:\/\/maisoncarballo.fr\/index.php\/charcutier\/#breadcrumb"},"inLanguage":"fr-FR","potentialAction":[{"@type":"ReadAction","target":["https:\/\/maisoncarballo.fr\/index.php\/charcutier\/"]}]},{"@type":"BreadcrumbList","@id":"https:\/\/maisoncarballo.fr\/index.php\/charcutier\/#breadcrumb","itemListElement":[{"@type":"ListItem","position":1,"name":"Accueil","item":"https:\/\/maisoncarballo.fr\/"},{"@type":"ListItem","position":2,"name":"CHARCUTIER"}]},{"@type":"WebSite","@id":"https:\/\/maisoncarballo.fr\/#website","url":"https:\/\/maisoncarballo.fr\/","name":"Maison Carballo","description":"Traiteur-Charcutier-Boucher","publisher":{"@id":"https:\/\/maisoncarballo.fr\/#organization"},"potentialAction":[{"@type":"SearchAction","target":{"@type":"EntryPoint","urlTemplate":"https:\/\/maisoncarballo.fr\/?s={search_term_string}"},"query-input":"required name=search_term_string"}],"inLanguage":"fr-FR"},{"@type":"Organization","@id":"https:\/\/maisoncarballo.fr\/#organization","name":"Maison Carballo","url":"https:\/\/maisoncarballo.fr\/","logo":{"@type":"ImageObject","inLanguage":"fr-FR","@id":"https:\/\/maisoncarballo.fr\/#\/schema\/logo\/image\/","url":"https:\/\/maisoncarballo.fr\/wp-content\/uploads\/2019\/03\/cropped-Logo-seul-V2-1.png","contentUrl":"https:\/\/maisoncarballo.fr\/wp-content\/uploads\/2019\/03\/cropped-Logo-seul-V2-1.png","width":210,"height":124,"caption":"Maison Carballo"},"image":{"@id":"https:\/\/maisoncarballo.fr\/#\/schema\/logo\/image\/"}}]}},"_links":{"self":[{"href":"https:\/\/maisoncarballo.fr\/index.php\/wp-json\/wp\/v2\/pages\/119"}],"collection":[{"href":"https:\/\/maisoncarballo.fr\/index.php\/wp-json\/wp\/v2\/pages"}],"about":[{"href":"https:\/\/maisoncarballo.fr\/index.php\/wp-json\/wp\/v2\/types\/page"}],"author":[{"embeddable":true,"href":"https:\/\/maisoncarballo.fr\/index.php\/wp-json\/wp\/v2\/users\/1"}],"replies":[{"embeddable":true,"href":"https:\/\/maisoncarballo.fr\/index.php\/wp-json\/wp\/v2\/comments?post=119"}],"version-history":[{"count":0,"href":"https:\/\/maisoncarballo.fr\/index.php\/wp-json\/wp\/v2\/pages\/119\/revisions"}],"wp:attachment":[{"href":"https:\/\/maisoncarballo.fr\/index.php\/wp-json\/wp\/v2\/media?parent=119"}],"curies":[{"name":"wp","href":"https:\/\/api.w.org\/{rel}","templated":true}]}}